{"id":581,"date":"2021-10-26T19:53:27","date_gmt":"2021-10-26T19:53:27","guid":{"rendered":"https:\/\/dj5events.com\/?page_id=581"},"modified":"2024-11-10T11:35:48","modified_gmt":"2024-11-10T11:35:48","slug":"ueber-uns","status":"publish","type":"page","link":"https:\/\/dj5events.com\/?page_id=581","title":{"rendered":"\u00dcber uns"},"content":{"rendered":"\t\t<div data-elementor-type=\"wp-page\" data-elementor-id=\"581\" class=\"elementor elementor-581\" data-elementor-post-type=\"page\">\n\t\t\t\t\t\t<section class=\"elementor-section elementor-top-section elementor-element elementor-element-651e5465 elementor-section-full_width elementor-section-content-middle elementor-section-height-default elementor-section-height-default\" data-id=\"651e5465\" data-element_type=\"section\" data-e-type=\"section\" data-settings=\"{&quot;background_background&quot;:&quot;classic&quot;}\">\n\t\t\t\t\t\t<div class=\"elementor-container elementor-column-gap-no\">\n\t\t\t\t\t<div class=\"elementor-column elementor-col-50 elementor-top-column elementor-element elementor-element-e845a91 animated-slow elementor-invisible\" data-id=\"e845a91\" data-element_type=\"column\" data-e-type=\"column\" data-settings=\"{&quot;background_background&quot;:&quot;classic&quot;,&quot;animation&quot;:&quot;fadeIn&quot;}\">\n\t\t\t<div class=\"elementor-widget-wrap elementor-element-populated\">\n\t\t\t\t\t<div class=\"elementor-background-overlay\"><\/div>\n\t\t\t\t\t\t<div class=\"elementor-element elementor-element-55194d84 elementor-widget elementor-widget-heading\" data-id=\"55194d84\" data-element_type=\"widget\" data-e-type=\"widget\" data-widget_type=\"heading.default\">\n\t\t\t\t<div class=\"elementor-widget-container\">\n\t\t\t\t\t<h2 class=\"elementor-heading-title elementor-size-default\">Dr. David Br\u00fcninghaus<\/h2>\t\t\t\t<\/div>\n\t\t\t\t<\/div>\n\t\t\t\t\t<\/div>\n\t\t<\/div>\n\t\t\t\t<div class=\"elementor-column elementor-col-50 elementor-top-column elementor-element elementor-element-7cdc9dbc\" data-id=\"7cdc9dbc\" data-element_type=\"column\" data-e-type=\"column\">\n\t\t\t<div class=\"elementor-widget-wrap elementor-element-populated\">\n\t\t\t\t\t\t<div class=\"elementor-element elementor-element-2071739 animated-slow elementor-invisible elementor-widget elementor-widget-text-editor\" data-id=\"2071739\" data-element_type=\"widget\" data-e-type=\"widget\" data-settings=\"{&quot;_animation&quot;:&quot;fadeIn&quot;}\" data-widget_type=\"text-editor.default\">\n\t\t\t\t<div class=\"elementor-widget-container\">\n\t\t\t\t\t\t\t\t\t<p>&#8222;DJ5Events steht f\u00fcr h\u00f6chste Qualit\u00e4tsanspr\u00fcche, Zuverl\u00e4ssigkeit und bedingungslose Leidenschaft. Wir sind uns der hohen Verantwortung unserer Dienstleistung bewusst. Deshalb f\u00fchren wir im Vorfeld zwei Kundengespr\u00e4che, um Sie und Ihren Musikgeschmack genau kennenzulernen. Wir m\u00f6chten den sch\u00f6nsten Tag Ihres Lebens ma\u00dfgeblich mitgestalten und die Stimmung am Abend pr\u00e4gen. Mit uns k\u00f6nnen Sie Ihre Veranstaltung sorgenfrei genie\u00dfen und unvergesslich in Erinnerung behalten.&#8220;<\/p>\t\t\t\t\t\t\t\t<\/div>\n\t\t\t\t<\/div>\n\t\t\t\t<div class=\"elementor-element elementor-element-3abab45f animated-slow elementor-invisible elementor-widget elementor-widget-text-editor\" data-id=\"3abab45f\" data-element_type=\"widget\" data-e-type=\"widget\" data-settings=\"{&quot;_animation&quot;:&quot;fadeIn&quot;}\" data-widget_type=\"text-editor.default\">\n\t\t\t\t<div class=\"elementor-widget-container\">\n\t\t\t\t\t\t\t\t\t<p>David ist seit 2014 als DJ aktiv und hat zusammen mit Alwin begonnen Musik zu machen. Nach dem Abitur im Jahr 2015 hat er ein BWL-Studium an der Universit\u00e4t in Bremen begonnen und 2020 als M.Sc in Marketing und Entrepreneurship abgeschlossen. Nach dem erfolgreichen Abschluss des Studiums hat David am markstones Institut der Universit\u00e4t Bremen promoviert und arbeitet im Business Development der Online Services bei ALDI Nord.\u00a0<\/p>\t\t\t\t\t\t\t\t<\/div>\n\t\t\t\t<\/div>\n\t\t\t\t<div class=\"elementor-element elementor-element-6ba82603 animated-slow elementor-invisible elementor-widget elementor-widget-text-editor\" data-id=\"6ba82603\" data-element_type=\"widget\" data-e-type=\"widget\" data-settings=\"{&quot;_animation&quot;:&quot;fadeIn&quot;}\" data-widget_type=\"text-editor.default\">\n\t\t\t\t<div class=\"elementor-widget-container\">\n\t\t\t\t\t\t\t\t\t<p>Zu seiner besonderen Leidenschaft z\u00e4hlt elektronische Musik von Interpreten wie David Puentez, Hugel, Joel Corry, Tujamo und James Hype.<\/p>\t\t\t\t\t\t\t\t<\/div>\n\t\t\t\t<\/div>\n\t\t\t\t\t<\/div>\n\t\t<\/div>\n\t\t\t\t\t<\/div>\n\t\t<\/section>\n\t\t\t\t<section class=\"elementor-section elementor-top-section elementor-element elementor-element-39aa9199 elementor-section-full_width elementor-section-content-middle elementor-section-height-default elementor-section-height-default\" data-id=\"39aa9199\" data-element_type=\"section\" data-e-type=\"section\" data-settings=\"{&quot;background_background&quot;:&quot;classic&quot;}\">\n\t\t\t\t\t\t<div class=\"elementor-container elementor-column-gap-no\">\n\t\t\t\t\t<div class=\"elementor-column elementor-col-50 elementor-top-column elementor-element elementor-element-103dc27e\" data-id=\"103dc27e\" data-element_type=\"column\" data-e-type=\"column\">\n\t\t\t<div class=\"elementor-widget-wrap elementor-element-populated\">\n\t\t\t\t\t\t<div class=\"elementor-element elementor-element-30c1d342 animated-slow elementor-invisible elementor-widget elementor-widget-text-editor\" data-id=\"30c1d342\" data-element_type=\"widget\" data-e-type=\"widget\" data-settings=\"{&quot;_animation&quot;:&quot;fadeIn&quot;}\" data-widget_type=\"text-editor.default\">\n\t\t\t\t<div class=\"elementor-widget-container\">\n\t\t\t\t\t\t\t\t\t<p>&#8222;DJ5Events begleitet mich konstant seit den letzten 8 Jahren. W\u00e4hrend dieser Zeit habe ich mich zwei Jahre lang hauptberuflich der Musik gewidmet und meinen Traum zum Beruf gemacht.&#8220;<\/p>\t\t\t\t\t\t\t\t<\/div>\n\t\t\t\t<\/div>\n\t\t\t\t<div class=\"elementor-element elementor-element-83a4d86 animated-slow elementor-invisible elementor-widget elementor-widget-text-editor\" data-id=\"83a4d86\" data-element_type=\"widget\" data-e-type=\"widget\" data-settings=\"{&quot;_animation&quot;:&quot;fadeIn&quot;}\" data-widget_type=\"text-editor.default\">\n\t\t\t\t<div class=\"elementor-widget-container\">\n\t\t\t\t\t\t\t\t\t<p>Alwin hat bereits 2012 mit dem DJing begonnen. W\u00e4hrenddessen hat er eine Ausbildung zum Metallbauer gemacht und ist diesem Beruf hauptberuflich nachgegangen. In den Jahren 2017 &#8211; 2018 hat sich Alwin hauptberuflich der Musik gewidmet. Anschlie\u00dfend hat er eine weitere Ausbildung zum KFZ-Mechatroniker abgeschlossen und einen Tankstellen-Betrieb mit Autohaus und Taxiunternehmen gef\u00fchrt. Im Anschluss hat er sich mit dem Sonderpostenmarkt &#8222;Die Mega-Kiste&#8220; in Merzen selbstst\u00e4ndig gemacht und war \u00a0<strong>Teil der TV-Serie &#8222;Die Retourenprofis&#8220; auf RTL.<\/strong><\/p><p>Nach dem Ausstieg bei der &#8222;Mega-Kiste&#8220; widmet sich Alwin aktuell neuen beruflichen Herausforderung im Vertrieb von PV-Anlagen und ist zudem auf TikTok aktiv.<\/p>\t\t\t\t\t\t\t\t<\/div>\n\t\t\t\t<\/div>\n\t\t\t\t<div class=\"elementor-element elementor-element-38bb42bb animated-slow elementor-invisible elementor-widget elementor-widget-text-editor\" data-id=\"38bb42bb\" data-element_type=\"widget\" data-e-type=\"widget\" data-settings=\"{&quot;_animation&quot;:&quot;fadeIn&quot;}\" data-widget_type=\"text-editor.default\">\n\t\t\t\t<div class=\"elementor-widget-container\">\n\t\t\t\t\t\t\t\t\t<p>Zu Alwins besonderer Leidenschaft z\u00e4hlt\u00a0 elektronische Musik von K\u00fcnstlern wie David Guetta, Dimitri Vegas &amp; Like Mike, Robin Schulz und Felix Jaehn.\u00a0<\/p>\t\t\t\t\t\t\t\t<\/div>\n\t\t\t\t<\/div>\n\t\t\t\t\t<\/div>\n\t\t<\/div>\n\t\t\t\t<div class=\"elementor-column elementor-col-50 elementor-top-column elementor-element elementor-element-51e34829 animated-slow elementor-invisible\" data-id=\"51e34829\" data-element_type=\"column\" data-e-type=\"column\" data-settings=\"{&quot;background_background&quot;:&quot;classic&quot;,&quot;animation&quot;:&quot;fadeIn&quot;}\">\n\t\t\t<div class=\"elementor-widget-wrap elementor-element-populated\">\n\t\t\t\t\t<div class=\"elementor-background-overlay\"><\/div>\n\t\t\t\t\t\t<div class=\"elementor-element elementor-element-62beb00 elementor-widget elementor-widget-heading\" data-id=\"62beb00\" data-element_type=\"widget\" data-e-type=\"widget\" data-widget_type=\"heading.default\">\n\t\t\t\t<div class=\"elementor-widget-container\">\n\t\t\t\t\t<h4 class=\"elementor-heading-title elementor-size-default\">Alwin Altmann<\/h4>\t\t\t\t<\/div>\n\t\t\t\t<\/div>\n\t\t\t\t\t<\/div>\n\t\t<\/div>\n\t\t\t\t\t<\/div>\n\t\t<\/section>\n\t\t\t\t<section class=\"elementor-section elementor-top-section elementor-element elementor-element-6e22255 elementor-section-boxed elementor-section-height-default elementor-section-height-default\" data-id=\"6e22255\" data-element_type=\"section\" data-e-type=\"section\">\n\t\t\t\t\t\t<div class=\"elementor-container elementor-column-gap-default\">\n\t\t\t\t\t<div class=\"elementor-column elementor-col-100 elementor-top-column elementor-element elementor-element-d4e57d9\" data-id=\"d4e57d9\" data-element_type=\"column\" data-e-type=\"column\">\n\t\t\t<div class=\"elementor-widget-wrap elementor-element-populated\">\n\t\t\t\t\t\t<div class=\"elementor-element elementor-element-b86f50e animated-slow elementor-invisible elementor-widget elementor-widget-text-editor\" data-id=\"b86f50e\" data-element_type=\"widget\" data-e-type=\"widget\" data-settings=\"{&quot;_animation&quot;:&quot;fadeIn&quot;}\" data-widget_type=\"text-editor.default\">\n\t\t\t\t<div class=\"elementor-widget-container\">\n\t\t\t\t\t\t\t\t\t<p>Zu den <strong>Highlights<\/strong> der bisherigen DJ-Laufbahn von DJ5Events geh\u00f6rt der <strong>Support namenhafter DJs<\/strong> wie <strong>David Puentez<\/strong> und <strong>VIZE<\/strong>. Au\u00dferdem durften Alwin und David bereits <strong>Mallorca-Gr\u00f6\u00dfen<\/strong> wie <strong>Honk<\/strong>, <strong>Isi Gl\u00fcck<\/strong> und <strong>Julian Benz<\/strong> auf B\u00fchnen begleiten.\u00a0<\/p>\t\t\t\t\t\t\t\t<\/div>\n\t\t\t\t<\/div>\n\t\t\t\t\t<\/div>\n\t\t<\/div>\n\t\t\t\t\t<\/div>\n\t\t<\/section>\n\t\t\t\t<\/div>\n\t\t","protected":false},"excerpt":{"rendered":"<p>Dr. David Br\u00fcninghaus &#8222;DJ5Events steht f\u00fcr h\u00f6chste Qualit\u00e4tsanspr\u00fcche, Zuverl\u00e4ssigkeit und bedingungslose Leidenschaft. Wir sind uns der hohen Verantwortung unserer Dienstleistung bewusst. Deshalb f\u00fchren wir im Vorfeld zwei Kundengespr\u00e4che, um Sie und Ihren Musikgeschmack genau kennenzulernen. Wir m\u00f6chten den sch\u00f6nsten Tag Ihres Lebens ma\u00dfgeblich mitgestalten und die Stimmung am Abend pr\u00e4gen.<a class=\"moretag\" href=\"https:\/\/dj5events.com\/?page_id=581\"> Weiterlesen<\/a><\/p>\n","protected":false},"author":1,"featured_media":0,"parent":0,"menu_order":0,"comment_status":"closed","ping_status":"closed","template":"elementor_header_footer","meta":{"_themeisle_gutenberg_block_has_review":false,"footnotes":""},"class_list":["post-581","page","type-page","status-publish","hentry"],"_links":{"self":[{"href":"https:\/\/dj5events.com\/index.php?rest_route=\/wp\/v2\/pages\/581","targetHints":{"allow":["GET"]}}],"collection":[{"href":"https:\/\/dj5events.com\/index.php?rest_route=\/wp\/v2\/pages"}],"about":[{"href":"https:\/\/dj5events.com\/index.php?rest_route=\/wp\/v2\/types\/page"}],"author":[{"embeddable":true,"href":"https:\/\/dj5events.com\/index.php?rest_route=\/wp\/v2\/users\/1"}],"replies":[{"embeddable":true,"href":"https:\/\/dj5events.com\/index.php?rest_route=%2Fwp%2Fv2%2Fcomments&post=581"}],"version-history":[{"count":54,"href":"https:\/\/dj5events.com\/index.php?rest_route=\/wp\/v2\/pages\/581\/revisions"}],"predecessor-version":[{"id":1380,"href":"https:\/\/dj5events.com\/index.php?rest_route=\/wp\/v2\/pages\/581\/revisions\/1380"}],"wp:attachment":[{"href":"https:\/\/dj5events.com\/index.php?rest_route=%2Fwp%2Fv2%2Fmedia&parent=581"}],"curies":[{"name":"wp","href":"https:\/\/api.w.org\/{rel}","templated":true}]}}